{"id":591,"date":"2026-02-04T09:15:16","date_gmt":"2026-02-04T09:15:16","guid":{"rendered":"https:\/\/arabellagolfresortmallorca.com\/de\/?page_id=591"},"modified":"2026-02-04T13:23:47","modified_gmt":"2026-02-04T13:23:47","slug":"datenschutzpolitik","status":"publish","type":"page","link":"https:\/\/arabellagolfresortmallorca.com\/de\/datenschutzpolitik\/","title":{"rendered":"Datenschutzpolitik"},"content":{"rendered":"<p><strong><span dir=\"auto\" style=\"vertical-align: inherit;\">DATA CONTROLLER<\/span><\/strong><\/p>\n<p><span dir=\"auto\" style=\"vertical-align: inherit;\">Son Vida Golf SL Unipersonal, after referred to as Arabella Golf Mallorca. <\/span><br \/>\n<span dir=\"auto\" style=\"vertical-align: inherit;\">Tax Identification Number: B07265135. <\/span><br \/>\n<span dir=\"auto\" style=\"vertical-align: inherit;\">Registered in the Mercantile Registry of Palma de Mallorca on June 24, 2002, under entry number 13, Volume 1208, Book 0, Page PM-4080. <\/span><br \/>\n<span dir=\"auto\" style=\"vertical-align: inherit;\">Address: C\/ Miquel Llad\u00f3, s\/n, <\/span><br \/>\n<span dir=\"auto\" style=\"vertical-align: inherit;\">Clubhouse Son Muntaner Golf, <\/span><br \/>\n<span dir=\"auto\" style=\"vertical-align: inherit;\">07013 Palma (Illes Balears) <\/span><br \/>\n<span dir=\"auto\" style=\"vertical-align: inherit;\">. Telephone: +34 971 783 000. <\/span><br \/>\n<span dir=\"auto\" style=\"vertical-align: inherit;\">Email: optout.golfmallorca@arabellagolf.com<\/span><\/p>\n<p><strong>ZWECK DER DATENVERARBEITUNG<\/strong><br \/>\nDer Hauptzweck der Datenverarbeitungbesteht darin, Ihnen die von Ihnen angeforderten Dienstleistungen entweder in unseren Gesch\u00e4ftsstellen oder \u00fcber unsere Websites zur Verf\u00fcgung zu stellen und diese auf Ihre Bed\u00fcrfnisse abzustimmen.<br \/>\nZu Zwecken der Kundenbindung und zur Verbesserung unserer Dienstleistungen f\u00fchren wir verschiedene Aktionen durch, wie z. B. Zufriedenheitsumfragen.<br \/>\nWir verwenden sie ebenfalls, um Angebote und Werbung in Bezug auf Golfdienstleistungen, Catering und unsere ProShops \u00fcber das von Ihnen angegebene E-Mail-Konto, andere gleichwertige elektronische Kommunikationsmittel oder \u00fcber nichtelektronische Kommunikationsmittel zu versenden. In jedem Fall k\u00f6nnen Sie diese Zustimmung jederzeit widerrufen, indem Sie eine E-Mail mit dem Hinweis an optout.golfmallorca@arabellagolf.com senden, dass Sie keine kommerziellen Mailings erhalten m\u00f6chten.<br \/>\nFalls Sie an einem Turnier teilnehmen, werden die Daten zur Einhaltung der damit verbundenen Bedingungen verwendet. Mit der Teilnahme an einem Turnier erkl\u00e4ren Sie sich mit diesen Bestimmungen und Bedingungen einverstanden.<br \/>\nSollten Sie Ihre Zustimmung gegeben haben, k\u00f6nnen, nach enstprechender Anfrage von unserer Seite, Daten, Bilder und audiovisuelle Aufnahmen in unseren eigenen Medien ver\u00f6ffentlichen, in denen die Teilnehmer an den genannten Aktivit\u00e4ten einzeln oder als Gruppe erscheinen, um die betreffenden Aktivit\u00e4ten bekannt zu machen.<br \/>\nUnsere eigenen Medien umfassen unsere Printpublikationen, E-Mail-Marketingkampagnen, Websites und die sozialen Netzwerke, bei denen wir registriert sind, sowie Ausstellungen in unseren R\u00e4umlichkeiten.<br \/>\nBer\u00fccksichtigen Sie bitte, dass Konten in sozialen Medien zu Unternehmen geh\u00f6ren k\u00f6nnen, die kein angemessenes Schutzniveau bieten, da die Daten in L\u00e4ndern verortet sind, deren Schutzniveau von der spanischen Datenschutzbeh\u00f6rde als nicht angemessen erachtet wird. Wir empfehlen Ihnen, die Richtlinien zu \u00fcberpr\u00fcfen, insbesondere diejenigen, die sich auf den Datenschutz dieser Konten beziehen.<br \/>\nWenn Sie uns Ihren Lebenslauf \u00fcbermitteln, werden wir Ihre Daten f\u00fcr die Verwaltung unserer Stellenb\u00f6rse verarbeiten.<br \/>\nWenn Sie unsere R\u00e4umlichkeiten betreten, kann Ihr Bild zu Sicherheitszwecken aufgenommen werden.<\/p>\n<p><strong>BERECHTIGUNG F\u00dcR DIE VERARBEITUNG IHRER DATEN<\/strong><br \/>\nAusf\u00fchrung eines Vertrags<br \/>\nEnstpricht den von Ihnen ausdr\u00fccklich angeforderten Dienste, haupts\u00e4chlich die Folgenden:<br \/>\n\u2022 Mitglied werden<br \/>\n\u2022 Registrierung auf einer unserer Websites<br \/>\n\u2022 Turnierteilnahme<br \/>\n\u2022 Anfrage, um Ihnen unseren Newsletter zu schicken<br \/>\n\u2022 Bitte um Informationen<br \/>\n\u2022 Verbindungmit unserem Wifi<br \/>\n\u2022 Nutzung des me@tgolf-Dienstes<br \/>\n\u2022 Eintrag in unser Jobcenter<br \/>\nOder Mitteilungen an Dritte, die erforderlich sind, um die vertraglich vereinbarten Dienstleistungen zur Unterst\u00fctzung der Turniere zu erbringen:<br \/>\n\u2022 Medien<br \/>\n\u2022 Andere Teilnehmer<br \/>\nBerechtigtes Interesse des Verarbeitungsverantwortlichen.<br \/>\nDas berechtigte Interesse des f\u00fcr die Datenverarbeitung Verantwortlichen an der Zusendung von Werbung f\u00fcr die von unserem Unternehmen angebotenen Produkte, an Zufriedenheits- und Loyalit\u00e4tsumfragen ergibt sich aus der Durchf\u00fchrung von Direktmarketing und Absatzf\u00f6rderung.<br \/>\nErf\u00fcllung eines Auftrags von \u00f6ffentlichem Interesse<br \/>\nPrim\u00e4re Rechtsgrundlage f\u00fcr die Verarbeitung von Video\u00fcberwachungsbildern gem\u00e4\u00df Artikel 6 Absatz 1 Buchstabe e der Datenschutz-Grundverordnung.<\/p>\n<p><strong>DATENSPEICHERFRISTEN<\/strong><br \/>\nWir speichern Ihre personenbezogenen Daten innerhalb des Zeitraums, in dem wir sie zu dem Zweck f\u00fcr den sie erhoben wurden, in \u00dcbereinstimmung mit der hierzu geltenden Rechtsgrundlage verarbeiten. Sie werden innerhalb des gesamten Zeitraums, in dem eine vertragliche und\/oder gesch\u00e4ftliche Beziehung besteht oder Sie Ihr Recht auf L\u00f6schung, Widerruf und\/oder Einschr\u00e4nkung der Verarbeitung Ihrer Daten nicht wahrnehmen, aufbewahrt.<br \/>\nPersonenbezogene Daten, die f\u00fcr die Zusendung von Werbung und das Abonnement des Newsletters \u00fcbermittelt wurden, werden so lange gespeichert, bis Sie deren L\u00f6schung beantragen.<br \/>\nWenn Sie eines Ihrer Rechte aus\u00fcben, werden wir die Daten ordnungsgem\u00e4\u00df sperren, solange sie nicht f\u00fcr die Geltendmachung oder Verteidigung von Anspr\u00fcchen erforderlich sind oder sich aus ihrer Verarbeitung keinerlei rechtliche, gesetzliche oder vertragliche Haftung ergibt, die erf\u00fcllt werden muss und f\u00fcr die ihre Wiederherstellung erforderlich w\u00e4re.<\/p>\n<p><strong>\u00dcBERMITTLUNG VON PERSONENBEZOGENEN DATEN<\/strong><br \/>\nEine \u00dcbermittlung oder Weitergabe Ihrer personenbezogenen Daten an Dritte erfolgt nur, wenn dies erforderlich ist oder Sie eingewilligt haben:<br \/>\n\u2022 Sie ist f\u00fcr die Vertragsabwicklung oder Rechnungsstellung erforderlich:<br \/>\nIm Rahmen der Auftragsabwicklung erhalten die von uns hierf\u00fcr eingesetzten<br \/>\nDienstleister (Spedition, Logistikunternehmen, Banken, Inkassob\u00fcros etc.) die f\u00fcr die Auftragsabwicklung, Lieferung und Abrechnung notwendigen Daten. Die so \u00fcbermittelten Daten d\u00fcrfen von unseren Dienstleistern nur zur Erf\u00fcllung ihrer Aufgaben verwendet werden; eine anderweitige Nutzung der Informationen ist nicht gestattet.<br \/>\n\u2022 Wenn es f\u00fcr die Erf\u00fcllung des unterzeichneten Vertrags erforderlich ist<br \/>\nF\u00fcr die Teilnahme an vom Club organisierten Turnieren oder Veranstaltungen ist die Zustimmung zur Weitergabe der pers\u00f6nlichen Daten des Teilnehmers, einschlie\u00dflich seines Bildes, erforderlich:<br \/>\no an die Medien zum alleinigen Zweck der Berichterstattung \u00fcber Paarungen, Turniere oder Ranglisten der Ergebnisse o an andere registrierte Teilnehmer, um sich \u00fcber Spielpl\u00e4ne, Aussetzungen und Ereignisse im Zusammenhang mit der Aktivit\u00e4t zu verst\u00e4ndigen.<br \/>\n\u2022 Falls Sie die Weitergabe im Vorfeld genehmigt haben<br \/>\nMit unseren eigenen Mitteln, wie im Abschnitt \u201eZweck\u201c beschrieben, falls Sie Ihre Zustimmung gegeben haben.<br \/>\n\u2022 An Dritte, die f\u00fcr uns Dienstleistungen erbringen.<br \/>\nInformatikunternehmen (Informationsspeicherung und -verarbeitung), Finanz- und Wirtschaftspr\u00fcfungsdienste usw., die nur Zugang zu personenbezogenen Daten erhalten, die f\u00fcr die Erbringung der von uns \u00fcbertragenen Dienstleistung erforderlich sind. Sie sind au\u00dferdem verpflichtet, Ihre pers\u00f6nlichen Daten vertraulich zu behandeln und d\u00fcrfen sie nur f\u00fcr die Erbringung der von uns \u00fcbertragenen Dienstleistung verwenden.<br \/>\nEbenso werden Ihre pers\u00f6nlichen Daten den \u00f6ffentlichen Verwaltungen, Richtern und Gerichten zur Verf\u00fcgung gestellt, um eventuelle Verantwortlichkeiten zu kl\u00e4ren, die sich aus der Verarbeitung Ihrer Daten ergeben.<\/p>\n<p><strong>INTERNATIONALE TRANSFERS<\/strong><br \/>\nMit demVersand von kommerziellen Mitteilungen und Newslettern ist der Anbieter BITABIT TECHNOLOGIES, S.L. , InOne mit Sitz in den Spain betraut.<\/p>\n<p><strong>VERWENDUNG VON COOKIES<\/strong><\/p>\n<p>Arabella Golf Mallorca kann Cookies verwenden, um das Surfen auf seinen Webseiten zu vereinfachen und um deren Nutzung zu messen und statistisch zu analysieren, damit das Angebot an Produkten und Dienstleistungen verbessert werden kann.<\/p>\n<p>Sie k\u00f6nnen sich \u00fcber die Verwendung von Cookies informieren, indem Sie den Abschnitt\u00a0<a href=\"https:\/\/arabellagolfmallorca.com\/de\/cookie-politik\/\"><strong>Richtlinien zur Verwendung von Cookies<\/strong><\/a>\u00a0auf der besuchten Seite einsehen.<\/p>\n<p><strong>MINDERJ\u00c4HRIGE<\/strong><br \/>\nDie Website ist f\u00fcr Erwachsene bestimmt und wir verkaufen keine Produkte an Minderj\u00e4hrige. Die von uns verkauften Produkte f\u00fcr Kinder m\u00fcssen von Erwachsenen gekauft werden. Minderj\u00e4hrige d\u00fcrfen auf dieser Website nur unter der Aufsicht eines Elternteils oder Erziehungsberechtigten Bestellungen aufgeben.<br \/>\nWenn wir feststellen, dass wir versehentlich personenbezogene Daten von einem Kind erhalten haben, werden wir diese Daten so schnell wie m\u00f6glich l\u00f6schen.<br \/>\n<strong>RECHTE<\/strong><br \/>\nSie k\u00f6nnen Ihre Rechte auf Auskunft, Berichtigung, L\u00f6schung und Widerspruch, Einschr\u00e4nkung der Verarbeitung, Daten\u00fcbertragbarkeit und das Recht, keinen individualisierten Entscheidungen unterworfen zu werden, sowie das Recht auf Widerruf Ihrer Einwilligung \u00fcber die im Abschnitt \u201eVerarbeitungsverantwortlicher\u201c angegebenen Post- und E-Mail-Adressen aus\u00fcben.<br \/>\nUm Ihre Rechte wahrzunehmen, f\u00fcgen Sie eine Kopie Ihres Personalausweises oder ein g\u00fcltiges amtliches Ausweisdokument an und geben Sie eindeutig an, welches Recht Sie wahrnehmen.<br \/>\nDie Formulare sind auf Anfrage bei unseren B\u00fcros erh\u00e4ltlich unter<br \/>\nC\/ Miquel Llad\u00f3, s\/n<br \/>\nClubhaus Son Muntaner Golf<br \/>\n07013- Palma<br \/>\nOder Sie k\u00f6nnen sie per E-Mail anfordern:<br \/>\noptout.golfmallorca@arabellagolf.com<br \/>\nSie haben auch die M\u00f6glichkeit, sich bei der entsprechenden Aufsichtsbeh\u00f6rde (spanische Datenschutzbeh\u00f6rde) zu beschweren. Weitere Informationen finden Sie auf der Website www.aepd.es.<\/p>\n<p><strong>VERPFLICHTUNGEN UND VERANTWORTLICHKEITEN<\/strong><br \/>\nDie in dem als obligatorisch gekennzeichneten Formular angeforderten Daten m\u00fcssen ausgef\u00fcllt werden, und falls der Nutzer sie nicht angibt, kann Arabella Golf Mallorca nach eigenem Ermessen die Erbringung der entsprechenden Dienstleistung oder des entsprechenden Produkts ablehnen. Wir empfehlen Ihnen, auch die nicht obligatorischen Angaben auszuf\u00fcllen, damit wir unsere Dienstleistungen auf Ihre Bed\u00fcrfnisse abstimmen k\u00f6nnen.<br \/>\nWenn Sie uns Daten von Dritten zur Verf\u00fcgung stellen, sind Sie daf\u00fcr verantwortlich, dass Sie deren Zustimmung eingeholt haben, dass die Daten korrekt und richtig sind, und dass Sie diese Dritten \u00fcber die in diesem Dokument angegebenen Informationen informieren.<br \/>\nSie sind in jedem Fall f\u00fcr die Richtigkeit und Aktualisierung der angegebenen Daten verantwortlich und Arabella Golf Mallorca beh\u00e4lt sich das Recht vor, Personen, die falsche Daten angegeben haben, von den registrierten Diensten auszuschlie\u00dfen, unbeschadet anderer gesetzlich vorgesehener Ma\u00dfnahmen.<br \/>\nEs wird davon ausgegangen, dass Sie die festgelegten Bedingungen akzeptieren, indem Sie auf die entsprechende Schaltfl\u00e4che in den Datenerfassungsformularen klicken oder die genannten Formulare unterschreiben, je nach Art der Erfassung.<\/p>\n<p><strong>SICHERHEITSMA\u00dfNAHMEN<\/strong><br \/>\nPersonenbezogene Daten werden mit dem angemessenen Schutzniveau gem\u00e4\u00df den geltenden Rechtsvorschriften und anderen anwendbaren Gesetzen verarbeitet, wobei alle erforderlichen Sicherheitsma\u00dfnahmen getroffen werden, um \u00c4nderung, Verlust, Verarbeitung oder unbefugten Zugriff durch Dritte zu verhindern. Der Datenverantwortliche und alle an der Datenverarbeitung Beteiligten sind an das Berufsgeheimnis gebunden.<\/p>\n<p><strong>\u00c4NDERUNGEN AN DIESER DATENSCHUTZRICHTLINIE<\/strong><br \/>\nWir werden die Datenschutzinformationen \u00fcberpr\u00fcfen und aktualisieren, wenn es<br \/>\nGesetzes\u00e4nderungen gibt, wenn sich die Verfahren f\u00fcr den Umgang mit personenbezogenen Daten \u00e4ndern oder wenn dies aufgrund regelm\u00e4\u00dfiger \u00dcberpr\u00fcfungen durch uns erforderlich ist.<\/p>\n<p><strong>WIR EMPFEHLEN IHNEN, DIESE DATENSCHUTZRICHTLINIE REGELM\u00c4\u00dfIG ZU \u00dcBERPR\u00dcFEN<\/strong><\/p>\n","protected":false},"excerpt":{"rendered":"<p>DATA CONTROLLER Son Vida Golf SL Unipersonal, after referred to as Arabella Golf Mallorca. Tax Identification Number: B07265135. Registered in the Mercantile Registry of Palma de Mallorca on June 24, 2002, under entry number 13, Volume 1208, Book 0, Page PM-4080. Address: C\/ Miquel Llad\u00f3, s\/n, Clubhouse Son Muntaner Golf, 07013 Palma (Illes Balears) . [&hellip;]<\/p>\n","protected":false},"author":1,"featured_media":0,"parent":0,"menu_order":99,"comment_status":"closed","ping_status":"closed","template":"template-page.php","meta":{"_acf_changed":false,"footnotes":""},"class_list":["post-591","page","type-page","status-publish","hentry"],"acf":[],"yoast_head":"<!-- This site is optimized with the Yoast SEO plugin v27.5 - https:\/\/yoast.com\/product\/yoast-seo-wordpress\/ -->\n<title>Datenschutzpolitik - Arabella Golf Resort Mallorca<\/title>\n<meta name=\"robots\" content=\"index, follow, max-snippet:-1, max-image-preview:large, max-video-preview:-1\" \/>\n<link rel=\"canonical\" href=\"https:\/\/arabellagolfresortmallorca.com\/de\/datenschutzpolitik\/\" \/>\n<meta property=\"og:locale\" content=\"de_DE\" \/>\n<meta property=\"og:type\" content=\"article\" \/>\n<meta property=\"og:title\" content=\"Datenschutzpolitik - Arabella Golf Resort Mallorca\" \/>\n<meta property=\"og:description\" content=\"DATA CONTROLLER Son Vida Golf SL Unipersonal, after referred to as Arabella Golf Mallorca. Tax Identification Number: B07265135. Registered in the Mercantile Registry of Palma de Mallorca on June 24, 2002, under entry number 13, Volume 1208, Book 0, Page PM-4080. Address: C\/ Miquel Llad\u00f3, s\/n, Clubhouse Son Muntaner Golf, 07013 Palma (Illes Balears) . [&hellip;]\" \/>\n<meta property=\"og:url\" content=\"https:\/\/arabellagolfresortmallorca.com\/de\/datenschutzpolitik\/\" \/>\n<meta property=\"og:site_name\" content=\"Arabella Golf Resort Mallorca\" \/>\n<meta property=\"article:modified_time\" content=\"2026-02-04T13:23:47+00:00\" \/>\n<meta name=\"twitter:card\" content=\"summary_large_image\" \/>\n<meta name=\"twitter:label1\" content=\"Gesch\u00e4tzte Lesezeit\" \/>\n\t<meta name=\"twitter:data1\" content=\"7\u00a0Minuten\" \/>\n<script type=\"application\/ld+json\" class=\"yoast-schema-graph\">{\"@context\":\"https:\\\/\\\/schema.org\",\"@graph\":[{\"@type\":\"WebPage\",\"@id\":\"https:\\\/\\\/arabellagolfresortmallorca.com\\\/de\\\/datenschutzpolitik\\\/\",\"url\":\"https:\\\/\\\/arabellagolfresortmallorca.com\\\/de\\\/datenschutzpolitik\\\/\",\"name\":\"Datenschutzpolitik - Arabella Golf Resort Mallorca\",\"isPartOf\":{\"@id\":\"https:\\\/\\\/arabellagolfresortmallorca.com\\\/de\\\/#website\"},\"datePublished\":\"2026-02-04T09:15:16+00:00\",\"dateModified\":\"2026-02-04T13:23:47+00:00\",\"breadcrumb\":{\"@id\":\"https:\\\/\\\/arabellagolfresortmallorca.com\\\/de\\\/datenschutzpolitik\\\/#breadcrumb\"},\"inLanguage\":\"de\",\"potentialAction\":[{\"@type\":\"ReadAction\",\"target\":[\"https:\\\/\\\/arabellagolfresortmallorca.com\\\/de\\\/datenschutzpolitik\\\/\"]}]},{\"@type\":\"BreadcrumbList\",\"@id\":\"https:\\\/\\\/arabellagolfresortmallorca.com\\\/de\\\/datenschutzpolitik\\\/#breadcrumb\",\"itemListElement\":[{\"@type\":\"ListItem\",\"position\":1,\"name\":\"Home\",\"item\":\"https:\\\/\\\/arabellagolfresortmallorca.com\\\/de\\\/\"},{\"@type\":\"ListItem\",\"position\":2,\"name\":\"Datenschutzpolitik\"}]},{\"@type\":\"WebSite\",\"@id\":\"https:\\\/\\\/arabellagolfresortmallorca.com\\\/de\\\/#website\",\"url\":\"https:\\\/\\\/arabellagolfresortmallorca.com\\\/de\\\/\",\"name\":\"Arabella Golf Resort Mallorca\",\"description\":\"\",\"potentialAction\":[{\"@type\":\"SearchAction\",\"target\":{\"@type\":\"EntryPoint\",\"urlTemplate\":\"https:\\\/\\\/arabellagolfresortmallorca.com\\\/de\\\/?s={search_term_string}\"},\"query-input\":{\"@type\":\"PropertyValueSpecification\",\"valueRequired\":true,\"valueName\":\"search_term_string\"}}],\"inLanguage\":\"de\"}]}<\/script>\n<!-- \/ Yoast SEO plugin. -->","yoast_head_json":{"title":"Datenschutzpolitik - Arabella Golf Resort Mallorca","robots":{"index":"index","follow":"follow","max-snippet":"max-snippet:-1","max-image-preview":"max-image-preview:large","max-video-preview":"max-video-preview:-1"},"canonical":"https:\/\/arabellagolfresortmallorca.com\/de\/datenschutzpolitik\/","og_locale":"de_DE","og_type":"article","og_title":"Datenschutzpolitik - Arabella Golf Resort Mallorca","og_description":"DATA CONTROLLER Son Vida Golf SL Unipersonal, after referred to as Arabella Golf Mallorca. Tax Identification Number: B07265135. Registered in the Mercantile Registry of Palma de Mallorca on June 24, 2002, under entry number 13, Volume 1208, Book 0, Page PM-4080. Address: C\/ Miquel Llad\u00f3, s\/n, Clubhouse Son Muntaner Golf, 07013 Palma (Illes Balears) . [&hellip;]","og_url":"https:\/\/arabellagolfresortmallorca.com\/de\/datenschutzpolitik\/","og_site_name":"Arabella Golf Resort Mallorca","article_modified_time":"2026-02-04T13:23:47+00:00","twitter_card":"summary_large_image","twitter_misc":{"Gesch\u00e4tzte Lesezeit":"7\u00a0Minuten"},"schema":{"@context":"https:\/\/schema.org","@graph":[{"@type":"WebPage","@id":"https:\/\/arabellagolfresortmallorca.com\/de\/datenschutzpolitik\/","url":"https:\/\/arabellagolfresortmallorca.com\/de\/datenschutzpolitik\/","name":"Datenschutzpolitik - Arabella Golf Resort Mallorca","isPartOf":{"@id":"https:\/\/arabellagolfresortmallorca.com\/de\/#website"},"datePublished":"2026-02-04T09:15:16+00:00","dateModified":"2026-02-04T13:23:47+00:00","breadcrumb":{"@id":"https:\/\/arabellagolfresortmallorca.com\/de\/datenschutzpolitik\/#breadcrumb"},"inLanguage":"de","potentialAction":[{"@type":"ReadAction","target":["https:\/\/arabellagolfresortmallorca.com\/de\/datenschutzpolitik\/"]}]},{"@type":"BreadcrumbList","@id":"https:\/\/arabellagolfresortmallorca.com\/de\/datenschutzpolitik\/#breadcrumb","itemListElement":[{"@type":"ListItem","position":1,"name":"Home","item":"https:\/\/arabellagolfresortmallorca.com\/de\/"},{"@type":"ListItem","position":2,"name":"Datenschutzpolitik"}]},{"@type":"WebSite","@id":"https:\/\/arabellagolfresortmallorca.com\/de\/#website","url":"https:\/\/arabellagolfresortmallorca.com\/de\/","name":"Arabella Golf Resort Mallorca","description":"","potentialAction":[{"@type":"SearchAction","target":{"@type":"EntryPoint","urlTemplate":"https:\/\/arabellagolfresortmallorca.com\/de\/?s={search_term_string}"},"query-input":{"@type":"PropertyValueSpecification","valueRequired":true,"valueName":"search_term_string"}}],"inLanguage":"de"}]}},"_links":{"self":[{"href":"https:\/\/arabellagolfresortmallorca.com\/de\/wp-json\/wp\/v2\/pages\/591","targetHints":{"allow":["GET"]}}],"collection":[{"href":"https:\/\/arabellagolfresortmallorca.com\/de\/wp-json\/wp\/v2\/pages"}],"about":[{"href":"https:\/\/arabellagolfresortmallorca.com\/de\/wp-json\/wp\/v2\/types\/page"}],"author":[{"embeddable":true,"href":"https:\/\/arabellagolfresortmallorca.com\/de\/wp-json\/wp\/v2\/users\/1"}],"replies":[{"embeddable":true,"href":"https:\/\/arabellagolfresortmallorca.com\/de\/wp-json\/wp\/v2\/comments?post=591"}],"version-history":[{"count":3,"href":"https:\/\/arabellagolfresortmallorca.com\/de\/wp-json\/wp\/v2\/pages\/591\/revisions"}],"predecessor-version":[{"id":598,"href":"https:\/\/arabellagolfresortmallorca.com\/de\/wp-json\/wp\/v2\/pages\/591\/revisions\/598"}],"wp:attachment":[{"href":"https:\/\/arabellagolfresortmallorca.com\/de\/wp-json\/wp\/v2\/media?parent=591"}],"curies":[{"name":"wp","href":"https:\/\/api.w.org\/{rel}","templated":true}]}}